{"id":14,"date":"2025-09-07T00:44:18","date_gmt":"2025-09-07T00:44:18","guid":{"rendered":"https:\/\/picalseguros.com\/home\/"},"modified":"2025-09-07T03:26:32","modified_gmt":"2025-09-07T03:26:32","slug":"home","status":"publish","type":"page","link":"https:\/\/picalseguros.com\/","title":{"rendered":"Pical Seguros"},"content":{"rendered":"\n<div class=\"wp-block-group alignfull has-background-background-color has-background has-global-padding is-layout-constrained wp-container-core-group-is-layout-ad856ced wp-block-group-is-layout-constrained\" style=\"border-top-width:1px;margin-top:0;margin-bottom:0;padding-top:0;padding-bottom:0\">\n<div class=\"wp-block-columns alignfull are-vertically-aligned-center is-layout-flex wp-container-core-columns-is-layout-28232c24 wp-block-columns-is-layout-flex\">\n<div class=\"wp-block-column is-vertically-aligned-center is-layout-flow wp-block-column-is-layout-flow\">\n<div class=\"wp-block-group alignwide has-global-padding is-content-justification-right is-layout-constrained wp-container-core-group-is-layout-a35c1cff wp-block-group-is-layout-constrained\" style=\"padding-top:var(--wp--preset--spacing--60);padding-right:var(--wp--preset--spacing--60);padding-bottom:var(--wp--preset--spacing--60);padding-left:var(--wp--preset--spacing--60)\">\n<div class=\"wp-block-group alignwide has-global-padding is-content-justification-center is-layout-constrained wp-block-group-is-layout-constrained\">\n<h1 class=\"wp-block-heading alignwide has-text-align-center\"><strong>Pical Seguros<\/strong><\/h1>\n\n\n\n<p class=\"has-text-align-center\" style=\"margin-top:16px\">Nace hace 10 a\u00f1os con la visi\u00f3n de mejorar el servicio de corretaje de seguros, para darle una nota m\u00e1s personalizada y siempre dirigida a llenar por completo las expectativas de nuestros clientes. Desde un inicio, contamos con clientes fieles cuyos consejos se consideraron para los grandes cambios en nuestra manera de manejar el negocio siempre con un personal comprometido y apasionado.<\/p>\n<\/div>\n<\/div>\n<\/div>\n\n\n\n<div class=\"wp-block-column is-vertically-aligned-center is-layout-flow wp-block-column-is-layout-flow\">\n<div class=\"wp-block-cover extendify-image-import\" style=\"padding-top:var(--wp--preset--spacing--80);padding-bottom:var(--wp--preset--spacing--80)\"><img decoding=\"async\" class=\"wp-block-cover__image-background\" alt=\"\" src=\"https:\/\/images.unsplash.com\/photo-1732717566587-f5a155bd8dea?ixid=M3w0MzUxNjF8MHwxfHNlYXJjaHwxNXx8aW5zdXJhbmNlfGVufDB8fHx8MTc1Njg4MTYwN3ww&amp;ixlib=rb-4.1.0&amp;orientation=landscape?fit=crop&amp;crop=entropy%2Cfaces&amp;auto=format%2Ccompress&amp;w=1280\" data-object-fit=\"cover\"\/><span aria-hidden=\"true\" class=\"wp-block-cover__background has-background-dim-0 has-background-dim\"><\/span><div class=\"wp-block-cover__inner-container has-global-padding is-layout-constrained wp-block-cover-is-layout-constrained\">\n<div class=\"wp-block-group has-global-padding is-layout-constrained wp-container-core-group-is-layout-2f0a6ce7 wp-block-group-is-layout-constrained\">\n<figure class=\"wp-block-image aligncenter size-large extendify-image-import wp-duotone-primary-foreground\"><img decoding=\"async\" src=\"data:image\/svg+xml;base64,PHN2ZyB4bWxucz0iaHR0cDovL3d3dy53My5vcmcvMjAwMC9zdmciIHdpZHRoPSI1NTAiIGhlaWdodD0iNTUzIiBmaWxsPSJub25lIiB2aWV3Qm94PSIwIDAgNTUwIDU1MyI+PHBhdGggZmlsbD0iIzFFMUUxRSIgZD0iTTU1LjMyNyAyNzYuMDk1YzE3LjY3NyA2Ljc1NCAzNS42NDIgMTAuODI2IDUyLjg4OSAxNy43OSAxNy41MDkgNy4wNjkgMzMuNDc0IDE2LjM0NyA0OS4xMzEgMjYuNDIgMTUuNzc5IDEwLjE1MSAyOS45OTcgMjIuMzcxIDQzLjE4OCAzNS42NjcgMTMuNDg5IDEzLjU5NiAyNC43ODkgMjkuMDUgMzUuMzM0IDQ0Ljk2OSAxMC4zNTUgMTUuNjI4IDE4LjkzOSAzMi4zNCAyNS4yNTkgNDkuOTcgNi4wOTcgMTcuMDE4IDEyLjMwOSAzNC4xMTggMTMuODE0IDUyLjQyMyA2LjI1Ny0zNy40NTMgMjAuMTQ4LTcxLjY2MSA0MC4zNDEtMTAzLjQxNiAyMC4zNDQtMzEuOTg3IDQ2LjMwMy01OC41NTQgNzcuNjc0LTc5LjgxIDMxLjAzNy0yMS4wMzcgNjUuMzYyLTM0LjU2NiAxMDIuMDM2LTQzLjg0NS0zNi44NjItOC41OTUtNzAuOTU3LTIyLjIzMy0xMDIuMDg5LTQzLjMzNy0zMS44MTgtMjEuNTcxLTU3Ljg4OC00OC40NTQtNzguNTA0LTgwLjcxOC0yMC4yMTMtMzEuNjM1LTMzLjYyNC02NS45NDYtMzkuMjAyLTEwMy4zNzktOS41MDcgNTcuMzAzLTM0LjM0IDEwNi41ODEtNzQuNTQxIDE0Ny44MzgtNDAuMTI3IDQxLjE4LTg4LjYxMiA2Ny41NS0xNDUuMzMgNzkuNDI4Wk0yNzMuOTM4IDBjNS4xNTYgMi40ODkgNC44MzkgNS44MiA0Ljg2NiA5LjAzNS4yODYgMzMuNzIgNy4yNzYgNjYuMzE3IDE5LjkwNCA5Ny4yNjQgMTEuMjk5IDI3LjY5NyAyNy4xNjYgNTIuODg5IDQ3LjI2MiA3NS42MzQgMTUuNDg2IDE3LjUyOSAzMi43MzQgMzIuNjIgNTEuODUxIDQ1LjUzNyAyNy44NSAxOC44MTkgNTguNDIzIDMxLjk1NSA5MS40MDYgMzkuMDM5IDExLjU5NSAyLjQ5MyAyMy4xMjggNS4yMTkgMzUuMjI3IDUuMjQ0IDguNTEzLjAxOSAxNy4wNDcgMi4wMDIgMjUuNTM5IDMuMTA3LjE2OCA0LjgxOS0yLjYyMSA2LjEtNi4wNiA2LjIzNC01LjU5OC4yMTgtMTEuMjE4LjI1Ni0xNi44MTYuMTEzLTE1LjI4Ni0uMzg5LTI5Ljc3NSAzLjg4Mi00NC40NzQgNy4xMDctMTcuNTMgMy44NDUtMzQuNDkzIDkuNTg5LTUwLjM0NiAxNy42MTMtMTUuOSA4LjA1Mi0zMS40NTYgMTcuMjk5LTQ1LjcyMyAyNy45NTMtMjUuMzk3IDE4Ljk2Ni00Ni43MDkgNDIuMTU5LTY0LjQzNCA2OC41NzctMTYuNTgyIDI0LjcxNC0yNy41IDUxLjk4OS0zNS41ODggODAuMzM5LTMuMzM0IDExLjY5LTMuOTUyIDI0LjE4OS01LjQxOCAzNi4zNjUtMS4xMzYgOS40NTEtMS41NTIgMTguOTg3LTIuNTg1IDI4LjQ1Mi0uMTg3IDEuNzE2LTEuODA2IDMuMjc0LTIuNzI2IDQuODQ0LTUuNzM1LTIuMTAxLTQuNTIxLTYuNTYxLTQuNTM2LTEwLjMzMS0uMDc3LTE5LjEzOC0zLjAxOS0zOC4wMDUtNy40NDgtNTYuNDQ1LTYuNTIxLTI3LjE0OC0xNi45OTctNTIuODU5LTMxLjcxOS03Ni44MDMtOS40NDItMTUuMzU1LTIwLjcyNy0yOS4wNi0zMi42MjktNDIuNTQ1LTExLjQyNy0xMi45NS0yNC4zMTItMjQuMTgxLTM3Ljk0NC0zNC4yNjctMTQuNTg2LTEwLjc5NC0zMC4zNTQtMTkuOTUzLTQ3LjE3MS0yNy41NDYtMTguOTc0LTguNTY1LTM4LjU5LTE0LjM1OS01OC42MzYtMTkuMDU0LTkuMjAzLTIuMTUzLTE4LjcxOC0zLjE3LTI4LjE1Mi00LjA1OS02Ljc1Ni0uNjM4LTEzLjYxNS0uMjA2LTIwLjQyNy0uMjU0LTMuOTQ3LS4wMjktNy4xNjctLjkzMy03LjE2MS02LjM2NCA4LjYyNi0xLjA4OCAxNy4xNjMtMi42MzQgMjUuNzY0LTMuMTYgMjguMDA1LTEuNzE3IDU0LjUwMS05LjEwNCA4MC40NTYtMTkuNDYxIDE3Ljg4Mi03LjEzMyAzNC4xNTEtMTcuMDExIDUwLjQ2Mi0yNi45IDUuMDY2LTMuMDcyIDkuNjA4LTcuMDg3IDE0LjEyNy0xMC45NzUgMTguNzU4LTE2LjE0MSAzNi4wODItMzMuNDYzIDUwLjQ5OC01My44NzYgMTIuMjU2LTE3LjM1OCAyMi43NTEtMzUuNjA5IDMwLjQ0OC01NS4xNDEgNi42Mi0xNi44MDggMTIuODA4LTMzLjk3IDE1LjAxNi01Mi4zMTYgMS44NDUtMTUuMzU1IDQuNzgxLTMwLjU2IDQuNjE1LTQ2LjEyOC0uMDIxLTIuMDggMS41MTYtNC4xOCAyLjU1Mi02LjgzMloiLz48L3N2Zz4=\" alt=\"\"\/><\/figure>\n<\/div>\n<\/div><\/div>\n<\/div>\n<\/div>\n<\/div>\n\n\n\n<div class=\"wp-block-group alignfull has-tertiary-background-color has-background has-global-padding is-layout-constrained wp-container-core-group-is-layout-fb85e995 wp-block-group-is-layout-constrained\" style=\"margin-top:0;margin-bottom:0;padding-top:var(--wp--preset--spacing--60);padding-right:var(--wp--preset--spacing--30);padding-bottom:var(--wp--preset--spacing--60);padding-left:var(--wp--preset--spacing--30)\">\n<div class=\"wp-block-columns alignwide is-layout-flex wp-container-core-columns-is-layout-658170e2 wp-block-columns-is-layout-flex\">\n<div class=\"wp-block-column is-layout-flow wp-block-column-is-layout-flow\">\n<div class=\"wp-block-cover extendify-image-import\" style=\"min-height:100%;aspect-ratio:unset;\"><img decoding=\"async\" class=\"wp-block-cover__image-background\" alt=\"\" src=\"https:\/\/images.unsplash.com\/photo-1560518883-ce09059eeffa?ixid=M3w0MzUxNjF8MHwxfHNlYXJjaHwxMHx8aW5zdXJhbmNlfGVufDB8fHx8MTc1Njg4MTYwN3ww&amp;ixlib=rb-4.1.0&amp;orientation=landscape?fit=crop&amp;crop=entropy%2Cfaces&amp;auto=format%2Ccompress&amp;w=1280\" data-object-fit=\"cover\"\/><span aria-hidden=\"true\" class=\"wp-block-cover__background has-background-dim-0 has-background-dim\"><\/span><div class=\"wp-block-cover__inner-container is-layout-flow wp-block-cover-is-layout-flow\">\n<div style=\"height:380px\" aria-hidden=\"true\" class=\"wp-block-spacer\"><\/div>\n<\/div><\/div>\n<\/div>\n\n\n\n<div class=\"wp-block-column is-layout-flow wp-block-column-is-layout-flow\">\n<div class=\"wp-block-group alignwide has-global-padding is-layout-constrained wp-container-core-group-is-layout-52009084 wp-block-group-is-layout-constrained\" style=\"border-width:1px;padding-top:var(--wp--preset--spacing--40);padding-right:var(--wp--preset--spacing--40);padding-bottom:var(--wp--preset--spacing--40);padding-left:var(--wp--preset--spacing--40)\">\n<div class=\"wp-block-group is-nowrap is-layout-flex wp-container-core-group-is-layout-501511a6 wp-block-group-is-layout-flex\">\n<figure class=\"wp-block-image size-large ext-aspect-landscape extendify-image-import wp-duotone-primary-foreground\"><img decoding=\"async\" src=\"data:image\/svg+xml;base64,PHN2ZyB4bWxucz0iaHR0cDovL3d3dy53My5vcmcvMjAwMC9zdmciIHdpZHRoPSI0OCIgaGVpZ2h0PSI0OCIgZmlsbD0ibm9uZSIgdmlld0JveD0iMCAwIDQ4IDQ4Ij48bWFzayBpZD0iYSIgd2lkdGg9IjQ4IiBoZWlnaHQ9IjQ4IiB4PSIwIiB5PSIwIiBtYXNrVW5pdHM9InVzZXJTcGFjZU9uVXNlIiBzdHlsZT0ibWFzay10eXBlOmFscGhhIj48cGF0aCBmaWxsPSIjRDlEOUQ5IiBkPSJNMCAwaDQ4djQ4SDB6Ii8+PC9tYXNrPjxnIG1hc2s9InVybCgjYSkiPjxwYXRoIGZpbGw9IiMxQzFCMUYiIGQ9Ik0yNCA0NGMtMi44MzMgMC01LjQ2Ny0uNTA4LTcuOS0xLjUyNS0yLjQzMy0xLjAxNy00LjU1LTIuNDI1LTYuMzUtNC4yMjUtMS44LTEuOC0zLjIwOC0zLjkxNy00LjIyNS02LjM1QzQuNTA4IDI5LjQ2NyA0IDI2LjgzMyA0IDI0YzAtMi44LjUwOC01LjQxNyAxLjUyNS03Ljg1UzcuOTUgMTEuNiA5Ljc1IDkuOGMxLjgtMS44IDMuOTE3LTMuMjE3IDYuMzUtNC4yNVMyMS4xNjcgNCAyNCA0YzIuNSAwIDQuODMzLjQgNyAxLjIgMi4xNjcuOCA0LjExNyAxLjkgNS44NSAzLjNsLTIuMTUgMi4xNWExNi43MzIgMTYuNzMyIDAgMCAwLTQuOS0yLjdDMjggNy4zMTcgMjYuMDY3IDcgMjQgN2MtNC44MzMgMC04Ljg3NSAxLjYyNS0xMi4xMjUgNC44NzVTNyAxOS4xNjcgNyAyNHMxLjYyNSA4Ljg3NSA0Ljg3NSAxMi4xMjVTMTkuMTY3IDQxIDI0IDQxczguODc1LTEuNjI1IDEyLjEyNS00Ljg3NVM0MSAyOC44MzMgNDEgMjRjMC0xLS4wNzUtMS45NzUtLjIyNS0yLjkyNS0uMTUtLjk1LS4zNzUtMS44NzUtLjY3NS0yLjc3NWwyLjMtMi4zYTE5LjEyMiAxOS4xMjIgMCAwIDEgMS4yIDMuODVjLjI2NyAxLjMzMy40IDIuNzE3LjQgNC4xNSAwIDIuODMzLS41MTcgNS40NjctMS41NSA3LjktMS4wMzMgMi40MzMtMi40NSA0LjU1LTQuMjUgNi4zNS0xLjggMS44LTMuOTE3IDMuMjA4LTYuMzUgNC4yMjVDMjkuNDE3IDQzLjQ5MiAyNi44IDQ0IDI0IDQ0Wm0tMi45NS0xMC45LTguMjUtOC4zIDIuMjUtMi4yNSA2IDYgMjAuNy0yMC43IDIuMyAyLjI1LTIzIDIzWiIvPjwvZz48L3N2Zz4=\" alt=\"\" style=\"object-fit:cover\"\/><\/figure>\n\n\n\n<div class=\"wp-block-group wp-container-content-958eb9dc has-global-padding is-layout-constrained wp-block-group-is-layout-constrained\">\n<h3 class=\"wp-block-heading\" style=\"font-size:clamp(14px, 0.875rem + ((1vw - 3.2px) * 0.625), 20px);line-height:1.5\">Mision<\/h3>\n\n\n\n<p class=\"has-small-font-size\" style=\"margin-top:4px\">Brindar a sus clientes la oportunidad de tener una vida m\u00e1s segura y confortable. Ofrecer \u00f3ptimas soluciones para satisfacer las necesidades de nuestros clientes con una estructura s\u00f3lida, confiable y respaldada por las mejores Aseguradoras del Pa\u00eds.<\/p>\n<\/div>\n<\/div>\n\n\n\n<div class=\"wp-block-group is-nowrap is-layout-flex wp-container-core-group-is-layout-501511a6 wp-block-group-is-layout-flex\">\n<figure class=\"wp-block-image size-large ext-aspect-landscape extendify-image-import wp-duotone-primary-foreground\"><img decoding=\"async\" src=\"data:image\/svg+xml;base64,PHN2ZyB4bWxucz0iaHR0cDovL3d3dy53My5vcmcvMjAwMC9zdmciIHdpZHRoPSI0OCIgaGVpZ2h0PSI0OCIgZmlsbD0ibm9uZSIgdmlld0JveD0iMCAwIDQ4IDQ4Ij48bWFzayBpZD0iYSIgd2lkdGg9IjQ4IiBoZWlnaHQ9IjQ4IiB4PSIwIiB5PSIwIiBtYXNrVW5pdHM9InVzZXJTcGFjZU9uVXNlIiBzdHlsZT0ibWFzay10eXBlOmFscGhhIj48cGF0aCBmaWxsPSIjRDlEOUQ5IiBkPSJNMCAwaDQ4djQ4SDB6Ii8+PC9tYXNrPjxnIG1hc2s9InVybCgjYSkiPjxwYXRoIGZpbGw9IiMxQzFCMUYiIGQ9Ik0yNCA0NGMtMi44MzMgMC01LjQ2Ny0uNTA4LTcuOS0xLjUyNS0yLjQzMy0xLjAxNy00LjU1LTIuNDI1LTYuMzUtNC4yMjUtMS44LTEuOC0zLjIwOC0zLjkxNy00LjIyNS02LjM1QzQuNTA4IDI5LjQ2NyA0IDI2LjgzMyA0IDI0YzAtMi44LjUwOC01LjQxNyAxLjUyNS03Ljg1UzcuOTUgMTEuNiA5Ljc1IDkuOGMxLjgtMS44IDMuOTE3LTMuMjE3IDYuMzUtNC4yNVMyMS4xNjcgNCAyNCA0YzIuNSAwIDQuODMzLjQgNyAxLjIgMi4xNjcuOCA0LjExNyAxLjkgNS44NSAzLjNsLTIuMTUgMi4xNWExNi43MzIgMTYuNzMyIDAgMCAwLTQuOS0yLjdDMjggNy4zMTcgMjYuMDY3IDcgMjQgN2MtNC44MzMgMC04Ljg3NSAxLjYyNS0xMi4xMjUgNC44NzVTNyAxOS4xNjcgNyAyNHMxLjYyNSA4Ljg3NSA0Ljg3NSAxMi4xMjVTMTkuMTY3IDQxIDI0IDQxczguODc1LTEuNjI1IDEyLjEyNS00Ljg3NVM0MSAyOC44MzMgNDEgMjRjMC0xLS4wNzUtMS45NzUtLjIyNS0yLjkyNS0uMTUtLjk1LS4zNzUtMS44NzUtLjY3NS0yLjc3NWwyLjMtMi4zYTE5LjEyMiAxOS4xMjIgMCAwIDEgMS4yIDMuODVjLjI2NyAxLjMzMy40IDIuNzE3LjQgNC4xNSAwIDIuODMzLS41MTcgNS40NjctMS41NSA3LjktMS4wMzMgMi40MzMtMi40NSA0LjU1LTQuMjUgNi4zNS0xLjggMS44LTMuOTE3IDMuMjA4LTYuMzUgNC4yMjVDMjkuNDE3IDQzLjQ5MiAyNi44IDQ0IDI0IDQ0Wm0tMi45NS0xMC45LTguMjUtOC4zIDIuMjUtMi4yNSA2IDYgMjAuNy0yMC43IDIuMyAyLjI1LTIzIDIzWiIvPjwvZz48L3N2Zz4=\" alt=\"\" style=\"object-fit:cover\"\/><\/figure>\n\n\n\n<div class=\"wp-block-group wp-container-content-958eb9dc has-global-padding is-layout-constrained wp-block-group-is-layout-constrained\">\n<h3 class=\"wp-block-heading\" style=\"font-size:clamp(14px, 0.875rem + ((1vw - 3.2px) * 0.625), 20px);line-height:1.5\">Vision<\/h3>\n\n\n\n<p class=\"has-small-font-size\" style=\"margin-top:4px\">Ser un corredor de seguros l\u00edder en Panam\u00e1 en brindar un servicio personalizado enfocado en ofrecer a sus clientes un respaldo a corto y largo plazo.<\/p>\n<\/div>\n<\/div>\n\n\n\n<div class=\"wp-block-group is-nowrap is-layout-flex wp-container-core-group-is-layout-501511a6 wp-block-group-is-layout-flex\">\n<div class=\"wp-block-group wp-container-content-958eb9dc has-global-padding is-layout-constrained wp-block-group-is-layout-constrained\"><\/div>\n<\/div>\n<\/div>\n<\/div>\n<\/div>\n<\/div>\n\n\n\n<div class=\"wp-block-group alignfull has-background-background-color has-background has-global-padding is-layout-constrained wp-container-core-group-is-layout-6fa30f3f wp-block-group-is-layout-constrained\" id=\"features\" style=\"border-top-width:1px;margin-top:0;margin-bottom:0;padding-top:0;padding-right:0;padding-bottom:0;padding-left:0\">\n<div class=\"wp-block-columns alignwide is-layout-flex wp-container-core-columns-is-layout-28232c24 wp-block-columns-is-layout-flex\">\n<div class=\"wp-block-column is-layout-flow wp-block-column-is-layout-flow\" style=\"padding-top:var(--wp--preset--spacing--60);padding-right:var(--wp--preset--spacing--40);padding-bottom:var(--wp--preset--spacing--60);padding-left:var(--wp--preset--spacing--40)\">\n<div class=\"wp-block-group has-global-padding is-content-justification-left is-layout-constrained wp-container-core-group-is-layout-12dd3699 wp-block-group-is-layout-constrained\">\n<h2 class=\"wp-block-heading\">Nuestros Valores<\/h2>\n\n\n\n<p style=\"margin-top:16px\">Pensando en nuestro asegurados y colaboradores hemos creado 5 valores que dan sentido a nuestro servicio reflejado en el logo de Pical Seguros.<\/p>\n<\/div>\n<\/div>\n\n\n\n<div class=\"wp-block-column is-layout-flow wp-container-core-column-is-layout-650d693b wp-block-column-is-layout-flow\" style=\"padding-top:var(--wp--preset--spacing--60);padding-right:var(--wp--preset--spacing--40);padding-bottom:var(--wp--preset--spacing--60);padding-left:var(--wp--preset--spacing--40)\">\n<div class=\"wp-block-group has-global-padding is-content-justification-left is-layout-constrained wp-container-core-group-is-layout-12dd3699 wp-block-group-is-layout-constrained\">\n<h3 class=\"wp-block-heading\">Seguridad<\/h3>\n<\/div>\n\n\n\n<div class=\"wp-block-group has-global-padding is-content-justification-left is-layout-constrained wp-container-core-group-is-layout-12dd3699 wp-block-group-is-layout-constrained\">\n<h3 class=\"wp-block-heading\">Conocimiento<\/h3>\n<\/div>\n\n\n\n<h3 class=\"wp-block-heading\">Sinceridad<\/h3>\n\n\n\n<div class=\"wp-block-group has-global-padding is-content-justification-left is-layout-constrained wp-container-core-group-is-layout-12dd3699 wp-block-group-is-layout-constrained\">\n<h3 class=\"wp-block-heading\">Responsabilidad<\/h3>\n<\/div>\n\n\n\n<h3 class=\"wp-block-heading\">Compromiso<\/h3>\n<\/div>\n<\/div>\n<\/div>\n\n\n\n<div class=\"wp-block-group alignfull has-background-background-color has-background has-global-padding is-layout-constrained wp-container-core-group-is-layout-6fa30f3f wp-block-group-is-layout-constrained\" id=\"features\" style=\"border-top-width:1px;margin-top:0;margin-bottom:0;padding-top:0;padding-right:0;padding-bottom:0;padding-left:0\">\n<div class=\"wp-block-columns alignfull has-tertiary-background-color has-background has-global-padding is-layout-constrained wp-container-core-columns-is-layout-0dccc9af wp-block-columns-is-layout-constrained\" style=\"margin-top:0;margin-bottom:0;padding-top:var(--wp--preset--spacing--60);padding-right:var(--wp--preset--spacing--30);padding-bottom:var(--wp--preset--spacing--60);padding-left:var(--wp--preset--spacing--30)\">\n<div class=\"wp-block-column is-vertically-aligned-center is-layout-flow wp-block-column-is-layout-flow\">\n<div class=\"wp-block-group is-layout-flow wp-block-group-is-layout-flow\">\n<h2 class=\"wp-block-heading extendify-image-import\">Productos<\/h2>\n\n\n\n<p style=\"margin-top:16px\">Ofrecemos una amplia gama de productos en todas las aseguradoras del pa\u00eds:<\/p>\n<\/div>\n<\/div>\n\n\n\n<div class=\"wp-block-column is-layout-flow wp-container-core-column-is-layout-650d693b wp-block-column-is-layout-flow\" style=\"padding-top:var(--wp--preset--spacing--60);padding-right:var(--wp--preset--spacing--40);padding-bottom:var(--wp--preset--spacing--60);padding-left:var(--wp--preset--spacing--40)\">\n<div class=\"wp-block-group has-global-padding is-content-justification-left is-layout-constrained wp-container-core-group-is-layout-12dd3699 wp-block-group-is-layout-constrained\">\n<h5 class=\"wp-block-heading\">Seguros Individual<\/h5>\n<\/div>\n\n\n\n<div class=\"wp-block-group has-global-padding is-content-justification-left is-layout-constrained wp-container-core-group-is-layout-12dd3699 wp-block-group-is-layout-constrained\">\n<h5 class=\"wp-block-heading\">Seguro Colectivo<\/h5>\n<\/div>\n\n\n\n<div class=\"wp-block-group has-global-padding is-content-justification-left is-layout-constrained wp-container-core-group-is-layout-12dd3699 wp-block-group-is-layout-constrained\">\n<h5 class=\"wp-block-heading\">Seguros de Incendio<\/h5>\n<\/div>\n\n\n\n<div class=\"wp-block-group has-global-padding is-content-justification-left is-layout-constrained wp-container-core-group-is-layout-12dd3699 wp-block-group-is-layout-constrained\">\n<h5 class=\"wp-block-heading\">Fianza<\/h5>\n<\/div>\n\n\n\n<div class=\"wp-block-group has-global-padding is-content-justification-left is-layout-constrained wp-container-core-group-is-layout-12dd3699 wp-block-group-is-layout-constrained\">\n<h5 class=\"wp-block-heading\">Responsabilidad Civil<\/h5>\n<\/div>\n\n\n\n<div class=\"wp-block-group has-global-padding is-content-justification-left is-layout-constrained wp-container-core-group-is-layout-12dd3699 wp-block-group-is-layout-constrained\">\n<h5 class=\"wp-block-heading\">Robo<\/h5>\n<\/div>\n\n\n\n<div class=\"wp-block-group has-global-padding is-content-justification-left is-layout-constrained wp-container-core-group-is-layout-12dd3699 wp-block-group-is-layout-constrained\">\n<h5 class=\"wp-block-heading\">Cascos<\/h5>\n<\/div>\n\n\n\n<div class=\"wp-block-group has-global-padding is-content-justification-left is-layout-constrained wp-container-core-group-is-layout-12dd3699 wp-block-group-is-layout-constrained\">\n<h5 class=\"wp-block-heading\">Seguros Contra Incendio<\/h5>\n<\/div>\n\n\n\n<h5 class=\"wp-block-heading\">Seguros de Salud<\/h5>\n\n\n\n<div class=\"wp-block-group has-global-padding is-content-justification-left is-layout-constrained wp-container-core-group-is-layout-12dd3699 wp-block-group-is-layout-constrained\">\n<h5 class=\"wp-block-heading\">Seguros de Viaje<\/h5>\n<\/div>\n\n\n\n<h5 class=\"wp-block-heading\">Seguros de Auto<\/h5>\n<\/div>\n<\/div>\n<\/div>\n\n\n\n<div class=\"wp-block-group alignwide is-layout-flow wp-container-core-group-is-layout-09395e2a wp-block-group-is-layout-flow\" id=\"contact\">\n<div class=\"wp-block-group is-layout-flow wp-block-group-is-layout-flow\" style=\"padding-top:var(--wp--preset--spacing--60);padding-right:var(--wp--preset--spacing--40);padding-bottom:var(--wp--preset--spacing--60);padding-left:var(--wp--preset--spacing--40)\">\n<h2 class=\"wp-block-heading has-text-align-center\">Cont\u00e1ctanos<\/h2>\n<\/div>\n\n\n\n<div class=\"wp-block-columns alignwide is-layout-flex wp-container-core-columns-is-layout-cd39bc26 wp-block-columns-is-layout-flex\" style=\"padding-top:var(--wp--preset--spacing--60);padding-right:var(--wp--preset--spacing--40);padding-bottom:var(--wp--preset--spacing--60);padding-left:var(--wp--preset--spacing--40)\">\n<div class=\"wp-block-column has-global-padding is-content-justification-left is-layout-constrained wp-container-core-column-is-layout-12dd3699 wp-block-column-is-layout-constrained\">\n<iframe src=\"https:\/\/www.google.com\/maps\/embed?pb=!1m18!1m12!1m3!1d3940.91437679659!2d-79.5243914!3d8.9800264!2m3!1f0!2f0!3f0!3m2!1i1024!2i768!4f13.1!3m3!1m2!1s0x8faca8e5cfee6561%3A0xdb90782ea7c7b746!2sPICAL%20SEGUROS!5e0!3m2!1ses-419!2spa!4v1757211947028!5m2!1ses-419!2spa\" width=\"400\" height=\"300\" style=\"border:0;\" allowfullscreen=\"\" loading=\"lazy\" referrerpolicy=\"no-referrer-when-downgrade\"><\/iframe>\n<\/div>\n\n\n\n<div class=\"wp-block-column has-global-padding is-content-justification-left is-layout-constrained wp-container-core-column-is-layout-12dd3699 wp-block-column-is-layout-constrained\">\n<details class=\"wp-block-details is-layout-flow wp-block-details-is-layout-flow\"><summary><strong>Direcci\u00f3n: Calle Aquilino de la Guardia, Edif. P.H. Plaza Banco General, piso 18, oficina 18D1<\/strong><\/summary>\n<p><\/p>\n<\/details>\n\n\n\n<details class=\"wp-block-details is-layout-flow wp-block-details-is-layout-flow\"><summary><strong>Tel\u00e9fono: 394-1843<br>Solo Whatsapp: 6766-1824<br>M\u00f3vil: &nbsp;6513-0590 \/ 6679-4413 \/66704549<\/strong><\/summary>\n<p><\/p>\n<\/details>\n\n\n\n<details class=\"wp-block-details is-layout-flow wp-block-details-is-layout-flow\"><summary><strong>Email: <a href=\"mailto:atencion@picalseguros.com\">atencion@picalseguros.com<\/a><\/strong><br><\/summary>\n<p><\/p>\n<\/details>\n<\/div>\n<\/div>\n<\/div>\n","protected":false},"excerpt":{"rendered":"<p>Pical Seguros Nace hace 10 a\u00f1os con la visi\u00f3n de mejorar el servicio de corretaje de seguros, para darle una nota m\u00e1s personalizada y siempre dirigida a llenar por completo las expectativas de nuestros clientes. Desde un inicio, contamos con clientes fieles cuyos consejos se consideraron para los grandes cambios en nuestra manera de manejar [&hellip;]<\/p>\n","protected":false},"author":1,"featured_media":0,"parent":0,"menu_order":0,"comment_status":"closed","ping_status":"closed","template":"no-title","meta":{"footnotes":""},"class_list":["post-14","page","type-page","status-publish","hentry"],"aioseo_notices":[],"_links":{"self":[{"href":"https:\/\/picalseguros.com\/index.php?rest_route=\/wp\/v2\/pages\/14","targetHints":{"allow":["GET"]}}],"collection":[{"href":"https:\/\/picalseguros.com\/index.php?rest_route=\/wp\/v2\/pages"}],"about":[{"href":"https:\/\/picalseguros.com\/index.php?rest_route=\/wp\/v2\/types\/page"}],"author":[{"embeddable":true,"href":"https:\/\/picalseguros.com\/index.php?rest_route=\/wp\/v2\/users\/1"}],"replies":[{"embeddable":true,"href":"https:\/\/picalseguros.com\/index.php?rest_route=%2Fwp%2Fv2%2Fcomments&post=14"}],"version-history":[{"count":11,"href":"https:\/\/picalseguros.com\/index.php?rest_route=\/wp\/v2\/pages\/14\/revisions"}],"predecessor-version":[{"id":41,"href":"https:\/\/picalseguros.com\/index.php?rest_route=\/wp\/v2\/pages\/14\/revisions\/41"}],"wp:attachment":[{"href":"https:\/\/picalseguros.com\/index.php?rest_route=%2Fwp%2Fv2%2Fmedia&parent=14"}],"curies":[{"name":"wp","href":"https:\/\/api.w.org\/{rel}","templated":true}]}}